{"id":512,"date":"2024-01-30T12:57:08","date_gmt":"2024-01-30T12:57:08","guid":{"rendered":"https:\/\/enricando.com.br\/?page_id=512"},"modified":"2024-06-21T17:58:23","modified_gmt":"2024-06-21T17:58:23","slug":"disclaimer","status":"publish","type":"page","link":"https:\/\/enricando.com.br\/en\/disclaimer\/","title":{"rendered":"Disclaimer"},"content":{"rendered":"<h2 class=\"wp-block-heading\"><span style=\"color: #333333;\">Aviso Legal \u2013 TERAPIAS.ONG<\/span><\/h2>\n<p><span style=\"color: #333333;\">Bem-vindo ao site \u201c<a style=\"color: #333333;\" href=\"https:\/\/enricando.com.br\/en\/\" target=\"_blank\" rel=\"noopener\">Enricando<\/a>\u201c, um servi\u00e7o oferecido pela <strong>Consumar Consultoria e Gest\u00e3o Ltda<\/strong>, inscrita no CNPJ sob o n\u00famero 13.231.164\/0001-71. Ao utilizar este site, voc\u00ea concorda com os termos e condi\u00e7\u00f5es descritos neste aviso legal, bem como com as pol\u00edticas adicionais mencionadas a seguir. Leia atentamente as seguintes informa\u00e7\u00f5es:<\/span><\/p>\n<p><span style=\"color: #333333;\"><strong>1. Propriedade Intelectual:<\/strong>\u00a0Todo o conte\u00fado dispon\u00edvel neste site, incluindo textos, gr\u00e1ficos, logotipos, imagens, v\u00eddeos, e outros materiais, s\u00e3o propriedade intelectual da Consumar Consultoria e Gest\u00e3o Ltda ou de terceiros com os quais mantemos acordos. O uso n\u00e3o autorizado desse conte\u00fado pode violar leis de propriedade intelectual.<\/span><\/p>\n<p><span style=\"color: #333333;\"><strong>2. Informa\u00e7\u00f5es Gerais:<\/strong> As informa\u00e7\u00f5es fornecidas neste site t\u00eam o objetivo de serem precisas e atualizadas com o objetivo de auxiliar a toda a sociedade que busca por qualidade de vida e bem-estar. No entanto, n\u00e3o garantimos a exatid\u00e3o, integridade ou atualiza\u00e7\u00e3o cont\u00ednua das informa\u00e7\u00f5es. Recomendamos que os usu\u00e1rios verifiquem informa\u00e7\u00f5es espec\u00edficas diretamente conosco ou com fontes confi\u00e1veis antes de tomar decis\u00f5es com base nas informa\u00e7\u00f5es dispon\u00edveis no site.<\/span><\/p>\n<p><span style=\"color: #333333;\"><strong>3. Servi\u00e7os Prestados:<\/strong> O site \u201cenricando.com.br\u201d fornece informa\u00e7\u00f5es diversas sobre t\u00e9cnicas e ferramentas que geram resultado financeiro que n\u00e3o foram desenvolvidas por n\u00f3s. N\u00f3s somos apenas um meio ou um canal de informa\u00e7\u00f5es acuradas, com maior acervo de conte\u00fado da web a cerca do tema, no entanto recomendamos sempre buscar informa\u00e7\u00f5es adicionais com o profissional que desenvolveu a t\u00e9cnica e\/ou m\u00e9todo antes de tomar qualquer decis\u00e3o. No entanto, o uso das informa\u00e7\u00f5es dispon\u00edveis neste site n\u00e3o estabelece uma rela\u00e7\u00e3o contratual entre o usu\u00e1rio e a empresa, a menos que seja expressamente acordado por escrito.<\/span><\/p>\n<p><span style=\"color: #333333;\"><strong>4. Publicidade e Google ADS:<\/strong>\u00a0Este site pode ser remunerado por meio das pol\u00edticas do Google ADS a qualquer tempo. Os an\u00fancios exibidos podem ser fornecidos pelo Google ou por terceiros e est\u00e3o sujeitos \u00e0s pol\u00edticas de privacidade dessas entidades. Recomendamos que os usu\u00e1rios revisem as pol\u00edticas do Google ADS para compreenderem melhor como os an\u00fancios s\u00e3o exibidos e gerenciados.<\/span><\/p>\n<p><span style=\"color: #333333;\"><strong>5. Links para Terceiros:<\/strong>\u00a0Este site pode conter links para sites de terceiros. Esses links s\u00e3o fornecidos apenas para conveni\u00eancia e n\u00e3o representam um endosso ou garantia em rela\u00e7\u00e3o ao conte\u00fado desses sites. N\u00e3o somos respons\u00e1veis pelo conte\u00fado ou pr\u00e1ticas de privacidade de sites de terceiros.<\/span><\/p>\n<p><span style=\"color: #333333;\"><strong>6. Documentos Adicionais:<\/strong>\u00a0Por favor, consulte nossas pol\u00edticas de privacidade em\u00a0<a style=\"color: #333333;\" href=\"https:\/\/enricando.com.br\/en\/privacy-policies\/\" target=\"_blank\" rel=\"noopener\">Privacy policy<\/a>, nossa pol\u00edtica de transpar\u00eancia em\u00a0<a style=\"color: #333333;\" href=\"https:\/\/enricando.com.br\/en\/transparency-policy\/\" target=\"_blank\" rel=\"noopener\">Transparency<\/a>, e nossos termos de uso em\u00a0<a style=\"color: #333333;\" href=\"https:\/\/enricando.com.br\/en\/terms-of-use\/\" target=\"_blank\" rel=\"noopener\">Terms of Use<\/a>.<\/span><\/p>\n<p><span style=\"color: #333333;\"><strong>7. Limita\u00e7\u00e3o de Responsabilidade:<\/strong>\u00a0A Consumar Consultoria e Gest\u00e3o Ltda n\u00e3o ser\u00e1 respons\u00e1vel por quaisquer danos diretos, indiretos, incidentais, consequenciais ou punitivos decorrentes do uso ou incapacidade de usar este site.<\/span><\/p>\n<p><span style=\"color: #333333;\"><strong>8. Altera\u00e7\u00f5es no Aviso Legal:<\/strong>\u00a0Reservamos o direito de modificar este aviso legal a qualquer momento. As altera\u00e7\u00f5es entrar\u00e3o em vigor imediatamente ap\u00f3s a sua publica\u00e7\u00e3o no site. O uso cont\u00ednuo do site ap\u00f3s tais modifica\u00e7\u00f5es constitui aceita\u00e7\u00e3o dos termos revisados.<\/span><\/p>\n<p><span style=\"color: #333333;\">Ao acessar e utilizar o site \u201c<strong>ENRICANDO.COM.BR<\/strong>\u201d, voc\u00ea concorda com este aviso legal e reconhece as pol\u00edticas adicionais mencionadas. Se tiver d\u00favidas ou preocupa\u00e7\u00f5es, entre em contato conosco. Obrigado por visitar o nosso site.<\/span><\/p>\n<p><span style=\"color: #333333;\">Para maiores informa\u00e7\u00f5es. <a style=\"color: #333333;\" href=\"https:\/\/enricando.com.br\/en\/contact\/\" target=\"_blank\" rel=\"noopener\" data-type=\"page\" data-id=\"1378\">Contact us<\/a>.<\/span><\/p>\n<p>&nbsp;<\/p>","protected":false},"excerpt":{"rendered":"<p>Aviso Legal \u2013 TERAPIAS.ONG Bem-vindo ao site \u201cEnricando\u201c, um servi\u00e7o oferecido pela Consumar Consultoria e Gest\u00e3o Ltda, inscrita no CNPJ sob o n\u00famero 13.231.164\/0001-71. Ao utilizar este site, voc\u00ea concorda com os termos e condi\u00e7\u00f5es descritos neste aviso legal, bem como com as pol\u00edticas adicionais mencionadas a seguir. Leia atentamente as seguintes informa\u00e7\u00f5es: 1. Propriedade [&hellip;]<\/p>\n","protected":false},"author":2,"featured_media":0,"parent":0,"menu_order":0,"comment_status":"closed","ping_status":"closed","template":"","meta":{"_breakdance_hide_in_design_set":false,"_breakdance_tags":"","footnotes":""},"class_list":["post-512","page","type-page","status-publish","hentry"],"meta_box":[],"_links":{"self":[{"href":"https:\/\/enricando.com.br\/en\/wp-json\/wp\/v2\/pages\/512","targetHints":{"allow":["GET"]}}],"collection":[{"href":"https:\/\/enricando.com.br\/en\/wp-json\/wp\/v2\/pages"}],"about":[{"href":"https:\/\/enricando.com.br\/en\/wp-json\/wp\/v2\/types\/page"}],"author":[{"embeddable":true,"href":"https:\/\/enricando.com.br\/en\/wp-json\/wp\/v2\/users\/2"}],"replies":[{"embeddable":true,"href":"https:\/\/enricando.com.br\/en\/wp-json\/wp\/v2\/comments?post=512"}],"version-history":[{"count":0,"href":"https:\/\/enricando.com.br\/en\/wp-json\/wp\/v2\/pages\/512\/revisions"}],"wp:attachment":[{"href":"https:\/\/enricando.com.br\/en\/wp-json\/wp\/v2\/media?parent=512"}],"curies":[{"name":"wp","href":"https:\/\/api.w.org\/{rel}","templated":true}]}}