{"id":535,"date":"2024-01-30T13:23:37","date_gmt":"2024-01-30T13:23:37","guid":{"rendered":"https:\/\/enricando.com.br\/?page_id=535"},"modified":"2024-06-21T18:05:56","modified_gmt":"2024-06-21T18:05:56","slug":"politica-de-transparencia","status":"publish","type":"page","link":"https:\/\/enricando.com.br\/en\/transparency-policy\/","title":{"rendered":"Transparency"},"content":{"rendered":"<h2 class=\"wp-block-heading\">About ENRICANDO.COM.BR<\/h2>\n<p>The \"ENRICANDO\" website\/blog is maintained and offered by Consumar Consultoria e Gest\u00e3o Ltda, registered with the CNPJ under number 13.231.164\/0001-71. Our mission is to provide accurate information and services that generate knowledge and a source of income for those who are interested in our editorial line.<\/p>\n<h2 class=\"wp-block-heading\"><span id=\"Conteudo_e_Informacoes\" class=\"ez-toc-section\"><\/span>Content and Information<\/h2>\n<p>All the content and information presented on \"ENRICANDO\" is created and\/or revised by our team of content management specialists. Our goal is to provide accurate and useful information to help our visitors with questions related to methods and techniques that generate financial results. However, we are not responsible for third-party results!<\/p>\n<h2 class=\"wp-block-heading\"><span id=\"Publicidade_e_Parcerias\" class=\"ez-toc-section\"><\/span>Advertising and Partnerships<\/h2>\n<p>The \"ENRICANDO.COM.BR\" website may display Google AdSense ads and establish partnerships with companies and professionals who work in this extra income segment. Our partnerships may include extra income services in general, consultancy, training and others related to the theme of the site. The advertising displayed is selected by Google AdSense on the basis of automated criteria.<\/p>\n<h2 class=\"wp-block-heading\"><span id=\"Politica_de_Privacidade\" class=\"ez-toc-section\"><\/span>Privacy policy<\/h2>\n<p>For detailed information on how we collect, use and protect your personal information, please see our\u00a0<a href=\"https:\/\/enricando.com.br\/en\/privacy-policies\/\" target=\"_blank\" rel=\"noopener\">Privacy policy<\/a>\u00a0and also the\u00a0<a href=\"https:\/\/enricando.com.br\/en\/terms-of-use\/\" target=\"_blank\" rel=\"noopener\">Terms of Use<\/a>.<\/p>\n<h2 class=\"wp-block-heading\"><span id=\"Cookies\" class=\"ez-toc-section\"><\/span>Cookies<\/h2>\n<p>We use cookies to improve the user experience on our website. Find out more about how we use cookies in our\u00a0<a href=\"https:\/\/enricando.com.br\/en\/privacy-policies\/\" target=\"_blank\" rel=\"noopener\">Cookie policy<\/a>.<\/p>\n<h2 class=\"wp-block-heading\"><span id=\"Contato\" class=\"ez-toc-section\"><\/span>Contact<\/h2>\n<p>If you have any questions or concerns about our transparency policy for the \"ENRICANDO.COM.BR\" website or would like to contact Consumar Consultoria e Gest\u00e3o Ltda, please send an e-mail to contato@consumar.com.br.<\/p>\n<h2 class=\"wp-block-heading\"><span id=\"Alteracoes_na_Politica\" class=\"ez-toc-section\"><\/span>Policy changes<\/h2>\n<p>We reserve the right to make changes to this transparency policy at any time. Updates will be reflected on this page with the date of the last modification.<\/p>\n<p><strong>For more information, please contact us.<\/strong><\/p>\n<p>&nbsp;<\/p>","protected":false},"excerpt":{"rendered":"<p>Sobre o ENRICANDO.COM.BR O site\/blog \u201cENRICANDO\u201d \u00e9 mantido e oferecido pela empresa Consumar Consultoria e Gest\u00e3o Ltda, inscrita no CNPJ sob o n\u00famero 13.231.164\/0001-71. Nossa miss\u00e3o \u00e9 fornecer informa\u00e7\u00f5es e servi\u00e7os acurados que geram conhecimento e fonte de renda a quem se faz interessado em nossa linha editorial. Conte\u00fado e Informa\u00e7\u00f5es Todo o conte\u00fado e [&hellip;]<\/p>\n","protected":false},"author":2,"featured_media":0,"parent":0,"menu_order":0,"comment_status":"closed","ping_status":"closed","template":"","meta":{"_breakdance_hide_in_design_set":false,"_breakdance_tags":"","footnotes":""},"class_list":["post-535","page","type-page","status-publish","hentry"],"meta_box":[],"_links":{"self":[{"href":"https:\/\/enricando.com.br\/en\/wp-json\/wp\/v2\/pages\/535","targetHints":{"allow":["GET"]}}],"collection":[{"href":"https:\/\/enricando.com.br\/en\/wp-json\/wp\/v2\/pages"}],"about":[{"href":"https:\/\/enricando.com.br\/en\/wp-json\/wp\/v2\/types\/page"}],"author":[{"embeddable":true,"href":"https:\/\/enricando.com.br\/en\/wp-json\/wp\/v2\/users\/2"}],"replies":[{"embeddable":true,"href":"https:\/\/enricando.com.br\/en\/wp-json\/wp\/v2\/comments?post=535"}],"version-history":[{"count":0,"href":"https:\/\/enricando.com.br\/en\/wp-json\/wp\/v2\/pages\/535\/revisions"}],"wp:attachment":[{"href":"https:\/\/enricando.com.br\/en\/wp-json\/wp\/v2\/media?parent=535"}],"curies":[{"name":"wp","href":"https:\/\/api.w.org\/{rel}","templated":true}]}}