{"id":1025,"date":"2024-12-02T11:27:03","date_gmt":"2024-12-02T11:27:03","guid":{"rendered":"https:\/\/enricando.com.br\/?page_id=1025"},"modified":"2024-12-02T11:39:52","modified_gmt":"2024-12-02T11:39:52","slug":"politica-de-cookies-terapias-ong-br","status":"publish","type":"page","link":"https:\/\/enricando.com.br\/es\/politica-de-cookies-terapias-ong-br\/","title":{"rendered":"Pol\u00edtica de Cookies &#8211; enricando.com.br"},"content":{"rendered":"<p>Bienvenido al blog\u00a0<strong>enricando.com.br<\/strong>especializada en finanzas e ingresos adicionales.<\/p>\n\n\n\n<p>Esta Pol\u00edtica de Cookies explica c\u00f3mo utilizamos las cookies y tecnolog\u00edas similares en nuestro sitio web para mejorar la experiencia del usuario.<\/p>\n\n\n\n<h3 class=\"wp-block-heading\">\u00bfQu\u00e9 son las cookies?<\/h3>\n\n\n\n<p>Las cookies son peque\u00f1os archivos de texto que se almacenan en su dispositivo (ordenador, tableta o tel\u00e9fono inteligente) cuando accede a nuestro sitio web.<\/p>\n\n\n\n<p>Nos ayudan a recopilar informaci\u00f3n sobre c\u00f3mo navega e interact\u00faa con el sitio, lo que nos permite mejorar nuestros servicios y ofrecerle una experiencia m\u00e1s personalizada.<\/p>\n\n\n\n<h3 class=\"wp-block-heading\">\u00bfC\u00f3mo utilizamos las cookies?<\/h3>\n\n\n\n<p>Utilizamos cookies con diversos fines, entre ellos<\/p>\n\n\n\n<ul class=\"wp-block-list\">\n<li><strong>Galletas esenciales<\/strong>Necesarios para el funcionamiento b\u00e1sico del sitio, como la navegaci\u00f3n y el acceso a zonas seguras.<\/li>\n\n\n\n<li><strong>Cookies de rendimiento<\/strong>Recopilar informaci\u00f3n sobre la forma en que los visitantes utilizan el sitio, lo que nos permite mejorar el rendimiento y la funcionalidad de la plataforma.<\/li>\n\n\n\n<li><strong>Cookies funcionales<\/strong>Mejoran la funcionalidad del sitio, permiti\u00e9ndole recordar sus preferencias y ofrecerle servicios personalizados.<\/li>\n\n\n\n<li><strong>Cookies publicitarias<\/strong>Se utilizan para mostrarle anuncios relevantes para usted, basados en sus intereses. Pueden utilizarse para limitar el n\u00famero de veces que ve un anuncio o para medir la eficacia de las campa\u00f1as publicitarias.<\/li>\n<\/ul>\n\n\n\n<h3 class=\"wp-block-heading\">Cookies de terceros<\/h3>\n\n\n\n<p>Tambi\u00e9n utilizamos cookies de terceros, como servicios de an\u00e1lisis de tr\u00e1fico y socios publicitarios.<\/p>\n\n\n\n<p>Estas cookies son instaladas por dominios distintos del nuestro para recopilar datos an\u00f3nimos o personalizados, ofrecer publicidad relevante y an\u00e1lisis de rendimiento.<\/p>\n\n\n\n<h3 class=\"wp-block-heading\">Control de cookies<\/h3>\n\n\n\n<p>Puede gestionar o desactivar las cookies en la configuraci\u00f3n de su navegador.<\/p>\n\n\n\n<p>Sin embargo, al desactivar ciertos tipos de cookies, algunas funcionalidades del sitio web pueden verse limitadas o no funcionar correctamente.<\/p>\n\n\n\n<h3 class=\"wp-block-heading\">Actualizaciones de la pol\u00edtica de cookies<\/h3>\n\n\n\n<p>Podemos actualizar esta Pol\u00edtica de Cookies de vez en cuando para reflejar los cambios en nuestras pr\u00e1cticas.<\/p>\n\n\n\n<p>Le recomendamos que consulte esta p\u00e1gina con regularidad para mantenerse informado sobre c\u00f3mo utilizamos las cookies.<\/p>\n\n\n\n<h3 class=\"wp-block-heading\">Contacto<\/h3>\n\n\n\n<p>Si tiene alguna pregunta sobre el uso de cookies en nuestro sitio web, p\u00f3ngase en contacto con nosotros en\u00a0<strong><a>contato@enricando.com.br<\/a><\/strong>.<\/p>\n\n\n\n<p><strong>\u00daltima actualizaci\u00f3n:<\/strong> 01.06.2024.<\/p>","protected":false},"excerpt":{"rendered":"<p>Bem-vindo ao blog\u00a0enricando.com.br, especializado em finan\u00e7as e renda extra. Esta Pol\u00edtica de Cookies explica como utilizamos cookies e tecnologias semelhantes em nosso site para melhorar a experi\u00eancia dos usu\u00e1rios. O que s\u00e3o Cookies? Cookies s\u00e3o pequenos arquivos de texto armazenados no seu dispositivo (computador, tablet ou smartphone) quando voc\u00ea acessa nosso site. Eles ajudam a [&hellip;]<\/p>\n","protected":false},"author":2,"featured_media":1029,"parent":0,"menu_order":0,"comment_status":"closed","ping_status":"closed","template":"","meta":{"_breakdance_hide_in_design_set":false,"_breakdance_tags":"","footnotes":""},"class_list":["post-1025","page","type-page","status-publish","has-post-thumbnail","hentry"],"meta_box":[],"_links":{"self":[{"href":"https:\/\/enricando.com.br\/es\/wp-json\/wp\/v2\/pages\/1025","targetHints":{"allow":["GET"]}}],"collection":[{"href":"https:\/\/enricando.com.br\/es\/wp-json\/wp\/v2\/pages"}],"about":[{"href":"https:\/\/enricando.com.br\/es\/wp-json\/wp\/v2\/types\/page"}],"author":[{"embeddable":true,"href":"https:\/\/enricando.com.br\/es\/wp-json\/wp\/v2\/users\/2"}],"replies":[{"embeddable":true,"href":"https:\/\/enricando.com.br\/es\/wp-json\/wp\/v2\/comments?post=1025"}],"version-history":[{"count":2,"href":"https:\/\/enricando.com.br\/es\/wp-json\/wp\/v2\/pages\/1025\/revisions"}],"predecessor-version":[{"id":1028,"href":"https:\/\/enricando.com.br\/es\/wp-json\/wp\/v2\/pages\/1025\/revisions\/1028"}],"wp:featuredmedia":[{"embeddable":true,"href":"https:\/\/enricando.com.br\/es\/wp-json\/wp\/v2\/media\/1029"}],"wp:attachment":[{"href":"https:\/\/enricando.com.br\/es\/wp-json\/wp\/v2\/media?parent=1025"}],"curies":[{"name":"wp","href":"https:\/\/api.w.org\/{rel}","templated":true}]}}