{"id":501,"date":"2024-01-30T12:44:04","date_gmt":"2024-01-30T12:44:04","guid":{"rendered":"https:\/\/enricando.com.br\/?page_id=501"},"modified":"2024-06-21T18:21:55","modified_gmt":"2024-06-21T18:21:55","slug":"sobre-nos-enricando","status":"publish","type":"page","link":"https:\/\/enricando.com.br\/es\/sobre-enriquecernos\/","title":{"rendered":"Acerca De Nosotros"},"content":{"rendered":"<h1>SOBRE NOSOTROS<\/h1>\n<p><em>ENRICANDO.COM.BR es un servicio ofrecido por el Grupo Consumar con el objetivo de aportar calidad de vida y bienestar al conjunto de la sociedad mediante m\u00e9todos y t\u00e9cnicas de mercado ampliamente consolidados y generadores de resultados reales.<\/em><\/p>\n<p>A\u00a0<strong><em>Consumar Consultoria e Gest\u00e3o Ltda<\/em><\/strong><em>registrada en el CNPJ con el n\u00famero 13.231.164\/0001-71, con sede en Av. Rep\u00fablica 1141 sala 01, Interlagos, Linhares - ES.<\/em><\/p>\n<p>Creada en enero de 2011, la empresa cuenta en su consejo de administraci\u00f3n con profesionales de alto nivel: hay dos estudiantes de m\u00e1ster en administraci\u00f3n de empresas y dos estudiantes de m\u00e1ster y doctorado en administraci\u00f3n de empresas, as\u00ed como diversas especializaciones. Todos los profesionales, incluida la empresa, est\u00e1n debidamente registrados en los organismos pertinentes, a saber: CRA\/ES y CRC\/ES.<\/p>\n<p>Los art\u00edculos est\u00e1n escritos por el propietario\u00a0<strong><em>Nilmar Spoladori<\/em><\/strong><em> que posee un m\u00e1ster y un doctorado en administraci\u00f3n de empresas, es censor jurado de cuentas y tiene varios t\u00edtulos de posgrado.\u00a0<\/em><em>Desde nuestra creaci\u00f3n, hemos prestado servicios a una importante instituci\u00f3n no gubernamental, presente en 100% del pa\u00eds, el SEBRAE. \u00a0<\/em><\/p>\n<p><strong>Bienvenido a nuestro enriquecedor universo<\/strong>\u00a1! Nos apasiona proporcionar informaci\u00f3n valiosa y educativa sobre una variedad de t\u00e9cnicas que generan resultados, abarcando tanto las pr\u00e1cticas tradicionales como las innovadoras que han ganado terreno en Brasil y en el extranjero.<\/p>\n<p>Nuestro compromiso es ofrecer contenidos accesibles e inclusivos, que atiendan a una diversidad de intereses y necesidades. Creemos que el camino hacia el bienestar y el equilibrio pasa por explorar diferentes enfoques, m\u00e9todos y procesos orientados a los resultados para tomar decisiones eficaces, por lo que dedicamos nuestro blog a ofrecer informaci\u00f3n exhaustiva sobre esta amplia gama de t\u00e9cnicas, herramientas, m\u00e9todos y procesos que pueden generar resultados consistentes y duraderos.<\/p>\n<p>&nbsp;<\/p>\n<h2><strong>Lo que nos diferencia:<\/strong><\/h2>\n<ol>\n<li><strong>Variedad de t\u00e9cnicas:<\/strong> De lo tradicional a lo contempor\u00e1neo, cubrimos un amplio espectro de t\u00e9cnicas y m\u00e9todos. Tanto si solo le interesa obtener un ingreso extra como si quiere convertirse en un experto.<\/li>\n<li><strong>Informaci\u00f3n sobre la calidad:<\/strong> Nuestro compromiso con la calidad es evidente en cada art\u00edculo que publicamos. Trabajamos con diligencia para garantizar que nuestros contenidos sean precisos, actualizados y relevantes, proporcionando una fuente fiable para cualquiera que busque comprender los m\u00e9todos y procesos que generan resultados consistentes y duraderos.<\/li>\n<li><strong>Enfoque educativo:<\/strong> Creemos en el poder de la educaci\u00f3n para transformar vidas. Nuestro blog no solo presenta informaci\u00f3n, sino que tambi\u00e9n pretende educar a nuestros lectores sobre los principios fundamentales de cada t\u00e9cnica o m\u00e9todo tratado, permiti\u00e9ndoles tomar decisiones informadas sobre su propio negocio.<\/li>\n<li><strong>Inclusividad:<\/strong> Reconocemos la diversidad de necesidades y la abordamos en nuestros contenidos. Nuestro objetivo es crear un espacio acogedor para todos, independientemente de su experiencia previa con ingresos extra o de su origen cultural.<\/li>\n<\/ol>\n<p>&nbsp;<\/p>\n<h3><strong>Nuestro compromiso:<\/strong><\/h3>\n<p>Nos comprometemos a ser una fuente fiable e inspiradora para cualquiera que busque informaci\u00f3n sobre c\u00f3mo obtener ingresos extra mediante t\u00e9cnicas de gesti\u00f3n coherentes y duraderas basadas en resultados. Queremos guiarle en un viaje de autodescubrimiento de nuevas t\u00e9cnicas, m\u00e9todos y procesos, ofreci\u00e9ndole valiosos conocimientos que pueden enriquecer su vida.<\/p>\n<p>Explore nuestro blog, sum\u00e9rjase en los distintos enfoques y descubra c\u00f3mo pueden influir positivamente en su trayectoria financiera a corto, medio y largo plazo. Estamos aqu\u00ed para apoyarte en cada paso del camino.<\/p>\n<p>\u00danase a nosotros en este viaje de descubrimiento, logro y realizaci\u00f3n que puede transformar su vida.<\/p>","protected":false},"excerpt":{"rendered":"<p>SOBRE N\u00d3S ENRICANDO.COM.BR \u00e9 um servi\u00e7o oferecido pelo Grupo Consumar com o objetivo de levar qualidade de vida e bem-estar para toda a sociedade por meio de m\u00e9todos e t\u00e9cnicas de mercado amplamente consolidada e que geram resultados reais. A\u00a0Consumar Consultoria e Gest\u00e3o Ltda, inscrita no CNPJ sob o n\u00famero 13.231.164\/0001-71, sito a Av. Rep\u00fablica [&hellip;]<\/p>\n","protected":false},"author":2,"featured_media":0,"parent":0,"menu_order":0,"comment_status":"closed","ping_status":"closed","template":"","meta":{"_breakdance_hide_in_design_set":false,"_breakdance_tags":"","footnotes":""},"class_list":["post-501","page","type-page","status-publish","hentry"],"meta_box":[],"_links":{"self":[{"href":"https:\/\/enricando.com.br\/es\/wp-json\/wp\/v2\/pages\/501","targetHints":{"allow":["GET"]}}],"collection":[{"href":"https:\/\/enricando.com.br\/es\/wp-json\/wp\/v2\/pages"}],"about":[{"href":"https:\/\/enricando.com.br\/es\/wp-json\/wp\/v2\/types\/page"}],"author":[{"embeddable":true,"href":"https:\/\/enricando.com.br\/es\/wp-json\/wp\/v2\/users\/2"}],"replies":[{"embeddable":true,"href":"https:\/\/enricando.com.br\/es\/wp-json\/wp\/v2\/comments?post=501"}],"version-history":[{"count":0,"href":"https:\/\/enricando.com.br\/es\/wp-json\/wp\/v2\/pages\/501\/revisions"}],"wp:attachment":[{"href":"https:\/\/enricando.com.br\/es\/wp-json\/wp\/v2\/media?parent=501"}],"curies":[{"name":"wp","href":"https:\/\/api.w.org\/{rel}","templated":true}]}}