{"id":512,"date":"2024-01-30T12:57:08","date_gmt":"2024-01-30T12:57:08","guid":{"rendered":"https:\/\/enricando.com.br\/?page_id=512"},"modified":"2024-06-21T17:58:23","modified_gmt":"2024-06-21T17:58:23","slug":"disclaimer","status":"publish","type":"page","link":"https:\/\/enricando.com.br\/es\/descargo-de-responsabilidad\/","title":{"rendered":"Cl\u00e1usula de exenci\u00f3n de responsabilidad"},"content":{"rendered":"<h2 class=\"wp-block-heading\"><span style=\"color: #333333;\">Aviso legal - TERAPIAS.ONG<\/span><\/h2>\n<p><span style=\"color: #333333;\">Bienvenido a \"<a style=\"color: #333333;\" href=\"https:\/\/enricando.com.br\/es\/\" target=\"_blank\" rel=\"noopener\">Enriqueciendo<\/a>\", un servicio ofrecido por <strong>Consumar Consultoria e Gest\u00e3o Ltda<\/strong>registrada en el CNPJ con el n\u00famero 13.231.164\/0001-71. Al utilizar este sitio, usted acepta los t\u00e9rminos y condiciones descritos en este aviso legal, as\u00ed como las pol\u00edticas adicionales que se mencionan a continuaci\u00f3n. Por favor, lea atentamente la siguiente informaci\u00f3n:<\/span><\/p>\n<p><span style=\"color: #333333;\"><strong>1. La propiedad intelectual:<\/strong>\u00a0Todo el contenido disponible en este sitio, incluyendo textos, gr\u00e1ficos, logotipos, im\u00e1genes, v\u00eddeos y otros materiales, es propiedad intelectual de Consumar Consultoria e Gest\u00e3o Ltda o de terceros con los que tenemos acuerdos. El uso no autorizado de este contenido puede violar las leyes de propiedad intelectual.<\/span><\/p>\n<p><span style=\"color: #333333;\"><strong>2. Informaci\u00f3n general:<\/strong> La informaci\u00f3n facilitada en este sitio web pretende ser exacta y actualizada para ayudar a todos los miembros de la sociedad que buscan calidad de vida y bienestar. Sin embargo, no garantizamos la exactitud, integridad o actualizaci\u00f3n continua de la informaci\u00f3n. Recomendamos a los usuarios que comprueben la informaci\u00f3n espec\u00edfica directamente con nosotros o con fuentes fiables antes de tomar decisiones basadas en la informaci\u00f3n disponible en el sitio.<\/span><\/p>\n<p><span style=\"color: #333333;\"><strong>3. Servicios prestados:<\/strong> El sitio web \"enricando.com.br\" proporciona informaci\u00f3n variada sobre t\u00e9cnicas y herramientas generadoras de resultados financieros que no han sido desarrolladas por nosotros. Somos s\u00f3lo un medio o un canal de informaci\u00f3n precisa, con la mayor colecci\u00f3n de contenido en la web sobre el tema, sin embargo siempre recomendamos buscar informaci\u00f3n adicional del profesional que desarroll\u00f3 la t\u00e9cnica y\/o m\u00e9todo antes de tomar cualquier decisi\u00f3n. Sin embargo, el uso de la informaci\u00f3n disponible en este sitio no establece una relaci\u00f3n contractual entre el usuario y la empresa, a menos que se acuerde expresamente por escrito.<\/span><\/p>\n<p><span style=\"color: #333333;\"><strong>4. Publicidad y Google ADS:<\/strong>\u00a0Este sitio puede ser remunerado a trav\u00e9s de las pol\u00edticas de Google ADS en cualquier momento. Los anuncios mostrados pueden ser proporcionados por Google o por terceros y est\u00e1n sujetos a las pol\u00edticas de privacidad de dichas entidades. Recomendamos a los usuarios que consulten las pol\u00edticas de Google ADS para comprender mejor c\u00f3mo se muestran y gestionan los anuncios.<\/span><\/p>\n<p><span style=\"color: #333333;\"><strong>5. 5. Enlaces a terceros:<\/strong>\u00a0Este sitio web puede contener enlaces a sitios web de terceros. Estos enlaces se proporcionan \u00fanicamente para su comodidad y no representan un respaldo o garant\u00eda con respecto al contenido de dichos sitios. No somos responsables del contenido ni de las pr\u00e1cticas de privacidad de los sitios web de terceros.<\/span><\/p>\n<p><span style=\"color: #333333;\"><strong>6. Documentos adicionales:<\/strong>\u00a0Consulte nuestras pol\u00edticas de privacidad en\u00a0<a style=\"color: #333333;\" href=\"https:\/\/enricando.com.br\/es\/politica-de-privacidad\/\" target=\"_blank\" rel=\"noopener\">Pol\u00edtica de Privacidad<\/a>Nuestra pol\u00edtica de transparencia en\u00a0<a style=\"color: #333333;\" href=\"https:\/\/enricando.com.br\/es\/politica-de-transparencia\/\" target=\"_blank\" rel=\"noopener\">La Pol\u00edtica de Transparencia<\/a>y nuestras condiciones de uso en\u00a0<a style=\"color: #333333;\" href=\"https:\/\/enricando.com.br\/es\/condiciones-de-uso\/\" target=\"_blank\" rel=\"noopener\">T\u00e9rminos y condiciones de Uso<\/a>.<\/span><\/p>\n<p><span style=\"color: #333333;\"><strong>7. Limitaci\u00f3n de responsabilidad:<\/strong>\u00a0Consumar Consultoria e Gest\u00e3o Ltda no ser\u00e1 responsable por cualquier da\u00f1o directo, indirecto, incidental, consecuente o punitivo que surja del uso o la imposibilidad de usar este sitio web.<\/span><\/p>\n<p><span style=\"color: #333333;\"><strong>8. Cambios en el Aviso Legal:<\/strong>\u00a0Nos reservamos el derecho a modificar este aviso legal en cualquier momento. Las modificaciones entrar\u00e1n en vigor inmediatamente despu\u00e9s de su publicaci\u00f3n en el sitio web. El uso continuado del sitio web tras dichas modificaciones implica la aceptaci\u00f3n de los t\u00e9rminos revisados.<\/span><\/p>\n<p><span style=\"color: #333333;\">Al acceder y utilizar \"<strong>ENRICANDO.COM.BR<\/strong>\", usted acepta este aviso legal y reconoce las pol\u00edticas adicionales mencionadas. Si tiene alguna pregunta o duda, p\u00f3ngase en contacto con nosotros. Gracias por visitar nuestro sitio web.<\/span><\/p>\n<p><span style=\"color: #333333;\">Para m\u00e1s informaci\u00f3n. <a style=\"color: #333333;\" href=\"https:\/\/enricando.com.br\/es\/pongase-en-contacto-con\/\" target=\"_blank\" rel=\"noopener\" data-type=\"page\" data-id=\"1378\">P\u00f3ngase en contacto con nosotros<\/a>.<\/span><\/p>\n<p>&nbsp;<\/p>","protected":false},"excerpt":{"rendered":"<p>Aviso Legal \u2013 TERAPIAS.ONG Bem-vindo ao site \u201cEnricando\u201c, um servi\u00e7o oferecido pela Consumar Consultoria e Gest\u00e3o Ltda, inscrita no CNPJ sob o n\u00famero 13.231.164\/0001-71. Ao utilizar este site, voc\u00ea concorda com os termos e condi\u00e7\u00f5es descritos neste aviso legal, bem como com as pol\u00edticas adicionais mencionadas a seguir. Leia atentamente as seguintes informa\u00e7\u00f5es: 1. Propriedade [&hellip;]<\/p>\n","protected":false},"author":2,"featured_media":0,"parent":0,"menu_order":0,"comment_status":"closed","ping_status":"closed","template":"","meta":{"_breakdance_hide_in_design_set":false,"_breakdance_tags":"","footnotes":""},"class_list":["post-512","page","type-page","status-publish","hentry"],"meta_box":[],"_links":{"self":[{"href":"https:\/\/enricando.com.br\/es\/wp-json\/wp\/v2\/pages\/512","targetHints":{"allow":["GET"]}}],"collection":[{"href":"https:\/\/enricando.com.br\/es\/wp-json\/wp\/v2\/pages"}],"about":[{"href":"https:\/\/enricando.com.br\/es\/wp-json\/wp\/v2\/types\/page"}],"author":[{"embeddable":true,"href":"https:\/\/enricando.com.br\/es\/wp-json\/wp\/v2\/users\/2"}],"replies":[{"embeddable":true,"href":"https:\/\/enricando.com.br\/es\/wp-json\/wp\/v2\/comments?post=512"}],"version-history":[{"count":0,"href":"https:\/\/enricando.com.br\/es\/wp-json\/wp\/v2\/pages\/512\/revisions"}],"wp:attachment":[{"href":"https:\/\/enricando.com.br\/es\/wp-json\/wp\/v2\/media?parent=512"}],"curies":[{"name":"wp","href":"https:\/\/api.w.org\/{rel}","templated":true}]}}