{"id":535,"date":"2024-01-30T13:23:37","date_gmt":"2024-01-30T13:23:37","guid":{"rendered":"https:\/\/enricando.com.br\/?page_id=535"},"modified":"2024-06-21T18:05:56","modified_gmt":"2024-06-21T18:05:56","slug":"politica-de-transparencia","status":"publish","type":"page","link":"https:\/\/enricando.com.br\/es\/politica-de-transparencia\/","title":{"rendered":"La Pol\u00edtica de Transparencia"},"content":{"rendered":"<h2 class=\"wp-block-heading\">Acerca de ENRICANDO.COM.BR<\/h2>\n<p>El sitio web\/blog \"ENRICANDO\" es mantenido y ofrecido por Consumar Consultoria e Gest\u00e3o Ltda, registrada en el CNPJ con el n\u00famero 13.231.164\/0001-71. Nuestra misi\u00f3n es proporcionar informaci\u00f3n precisa y servicios que generen conocimiento y una fuente de ingresos para los interesados en nuestra l\u00ednea editorial.<\/p>\n<h2 class=\"wp-block-heading\"><span id=\"Conteudo_e_Informacoes\" class=\"ez-toc-section\"><\/span>Contenido e informaci\u00f3n<\/h2>\n<p>Todo el contenido y la informaci\u00f3n presentados en \"ENRICANDO\" son creados y\/o revisados por nuestro equipo de especialistas en gesti\u00f3n de contenidos. Nuestro objetivo es proporcionar informaci\u00f3n precisa y \u00fatil para ayudar a nuestros visitantes con preguntas relacionadas con los m\u00e9todos y t\u00e9cnicas que generan resultados financieros. Sin embargo, \u00a1no nos hacemos responsables de los resultados de terceros!<\/p>\n<h2 class=\"wp-block-heading\"><span id=\"Publicidade_e_Parcerias\" class=\"ez-toc-section\"><\/span>Publicidad y asociaciones<\/h2>\n<p>El sitio web \"ENRICANDO.COM.BR\" puede exhibir anuncios de Google AdSense y establecer asociaciones con empresas y profesionales que trabajan en este segmento de ingresos adicionales. Nuestras asociaciones pueden incluir servicios de ingresos adicionales en general, consultor\u00eda, formaci\u00f3n y otros relacionados con el tema del sitio. La publicidad exhibida es seleccionada por Google AdSense a partir de criterios automatizados.<\/p>\n<h2 class=\"wp-block-heading\"><span id=\"Politica_de_Privacidade\" class=\"ez-toc-section\"><\/span>La Pol\u00edtica de Privacidad<\/h2>\n<p>Para obtener informaci\u00f3n detallada sobre c\u00f3mo recopilamos, utilizamos y protegemos su informaci\u00f3n personal, consulte nuestro\u00a0<a href=\"https:\/\/enricando.com.br\/es\/politica-de-privacidad\/\" target=\"_blank\" rel=\"noopener\">La Pol\u00edtica de Privacidad<\/a>\u00a0y tambi\u00e9n el\u00a0<a href=\"https:\/\/enricando.com.br\/es\/condiciones-de-uso\/\" target=\"_blank\" rel=\"noopener\">T\u00e9rminos y condiciones de Uso<\/a>.<\/p>\n<h2 class=\"wp-block-heading\"><span id=\"Cookies\" class=\"ez-toc-section\"><\/span>Cookies<\/h2>\n<p>Utilizamos cookies para mejorar la experiencia del usuario en nuestro sitio web. Obtenga m\u00e1s informaci\u00f3n sobre c\u00f3mo utilizamos las cookies en nuestro\u00a0<a href=\"https:\/\/enricando.com.br\/es\/politica-de-privacidad\/\" target=\"_blank\" rel=\"noopener\">Pol\u00edtica de uso de Cookies<\/a>.<\/p>\n<h2 class=\"wp-block-heading\"><span id=\"Contato\" class=\"ez-toc-section\"><\/span>Contacto<\/h2>\n<p>Si tiene alguna pregunta o duda sobre nuestra pol\u00edtica de transparencia para el sitio web \"ENRICANDO.COM.BR\" o desea ponerse en contacto con Consumar Consultoria e Gest\u00e3o Ltda, env\u00ede un correo electr\u00f3nico a contato@consumar.com.br.<\/p>\n<h2 class=\"wp-block-heading\"><span id=\"Alteracoes_na_Politica\" class=\"ez-toc-section\"><\/span>Cambios en la pol\u00edtica<\/h2>\n<p>Nos reservamos el derecho a introducir cambios en esta pol\u00edtica de transparencia en cualquier momento. Las actualizaciones se reflejar\u00e1n en esta p\u00e1gina con la fecha de la \u00faltima modificaci\u00f3n.<\/p>\n<p><strong>Si desea m\u00e1s informaci\u00f3n, p\u00f3ngase en contacto con nosotros.<\/strong><\/p>\n<p>&nbsp;<\/p>","protected":false},"excerpt":{"rendered":"<p>Sobre o ENRICANDO.COM.BR O site\/blog \u201cENRICANDO\u201d \u00e9 mantido e oferecido pela empresa Consumar Consultoria e Gest\u00e3o Ltda, inscrita no CNPJ sob o n\u00famero 13.231.164\/0001-71. Nossa miss\u00e3o \u00e9 fornecer informa\u00e7\u00f5es e servi\u00e7os acurados que geram conhecimento e fonte de renda a quem se faz interessado em nossa linha editorial. Conte\u00fado e Informa\u00e7\u00f5es Todo o conte\u00fado e [&hellip;]<\/p>\n","protected":false},"author":2,"featured_media":0,"parent":0,"menu_order":0,"comment_status":"closed","ping_status":"closed","template":"","meta":{"_breakdance_hide_in_design_set":false,"_breakdance_tags":"","footnotes":""},"class_list":["post-535","page","type-page","status-publish","hentry"],"meta_box":[],"_links":{"self":[{"href":"https:\/\/enricando.com.br\/es\/wp-json\/wp\/v2\/pages\/535","targetHints":{"allow":["GET"]}}],"collection":[{"href":"https:\/\/enricando.com.br\/es\/wp-json\/wp\/v2\/pages"}],"about":[{"href":"https:\/\/enricando.com.br\/es\/wp-json\/wp\/v2\/types\/page"}],"author":[{"embeddable":true,"href":"https:\/\/enricando.com.br\/es\/wp-json\/wp\/v2\/users\/2"}],"replies":[{"embeddable":true,"href":"https:\/\/enricando.com.br\/es\/wp-json\/wp\/v2\/comments?post=535"}],"version-history":[{"count":0,"href":"https:\/\/enricando.com.br\/es\/wp-json\/wp\/v2\/pages\/535\/revisions"}],"wp:attachment":[{"href":"https:\/\/enricando.com.br\/es\/wp-json\/wp\/v2\/media?parent=535"}],"curies":[{"name":"wp","href":"https:\/\/api.w.org\/{rel}","templated":true}]}}