{"id":551,"date":"2024-01-30T13:31:35","date_gmt":"2024-01-30T13:31:35","guid":{"rendered":"https:\/\/enricando.com.br\/?page_id=551"},"modified":"2024-06-21T18:27:48","modified_gmt":"2024-06-21T18:27:48","slug":"termos-de-uso","status":"publish","type":"page","link":"https:\/\/enricando.com.br\/es\/condiciones-de-uso\/","title":{"rendered":"T\u00e9rminos y condiciones de Uso"},"content":{"rendered":"<h2 class=\"wp-block-heading\">1. condiciones<\/h2>\n<p>Al acceder al sitio <a href=\"https:\/\/enricando.com.br\/es\/\" target=\"_blank\" rel=\"noopener\">ENRICANDO.COM.BR<\/a>Si acepta quedar vinculado por estas condiciones de servicio, se compromete a cumplir todas las leyes y reglamentos aplicables, y acepta que es responsable del cumplimiento de cualquier ley local aplicable. Si no est\u00e1 de acuerdo con alguna de estas condiciones, se le proh\u00edbe utilizar o acceder a este sitio. Los materiales de este sitio est\u00e1n protegidos por la legislaci\u00f3n aplicable en materia de derechos de autor y marcas registradas.<\/p>\n<h2 class=\"wp-block-heading\"><span id=\"2_Uso_de_Licenca\" class=\"ez-toc-section\"><\/span>2. Uso de la licencia<\/h2>\n<p>Se concede permiso para descargar temporalmente una copia de los materiales (informaci\u00f3n o software) en el sitio web de ENRICANDO.COM.BR s\u00f3lo para uso personal, no comercial y transitorio. Esta es una concesi\u00f3n de licencia, no una transferencia de t\u00edtulo, y bajo esta licencia usted no puede:<\/p>\n<ol>\n<li>modificar o copiar los materiales;<\/li>\n<li>utilizar los materiales para cualquier fin comercial o para su exhibici\u00f3n p\u00fablica (comercial o no comercial);<\/li>\n<li>intentar descompilar o aplicar ingenier\u00eda inversa a cualquier software contenido en el sitio web ENRICANDO.COM.BR;<\/li>\n<li>eliminar de los materiales cualquier menci\u00f3n relativa a derechos de autor u otros derechos de propiedad; o<\/li>\n<li>transferir los materiales a otra persona o \"reflejar\" los materiales en cualquier otro servidor.<\/li>\n<\/ol>\n<p>Esta licencia terminar\u00e1 autom\u00e1ticamente si usted viola cualquiera de estas restricciones y puede ser terminada por ENRICANDO.COM.BR en cualquier momento. Al dejar de ver estos materiales o al finalizar esta licencia, deber\u00e1 eliminar todos los materiales descargados que est\u00e9n en su posesi\u00f3n, ya sea en formato electr\u00f3nico o impreso.<\/p>\n<h2 class=\"wp-block-heading\"><span id=\"3_Isencao_de_responsabilidade\" class=\"ez-toc-section\"><\/span>3. Descargo de responsabilidad<\/h2>\n<ol>\n<li>Los materiales del sitio web de ENRICANDO.COM.BR se proporcionan \"tal cual\". ENRICANDO no ofrece ninguna garant\u00eda, expresa o impl\u00edcita, y por la presente renuncia y niega todas las dem\u00e1s garant\u00edas, incluyendo, sin limitaci\u00f3n, las garant\u00edas o condiciones impl\u00edcitas de comerciabilidad, adecuaci\u00f3n para un prop\u00f3sito particular, o no infracci\u00f3n de la propiedad intelectual u otra violaci\u00f3n de los derechos.<\/li>\n<li>Adem\u00e1s, ENRICANDO no garantiza ni hace ninguna representaci\u00f3n con respecto a la exactitud, los resultados probables, o la fiabilidad de la utilizaci\u00f3n de los materiales en su sitio web de Internet o de otro tipo relativa a dichos materiales o en cualquier sitio vinculado a este sitio.<\/li>\n<\/ol>\n<h2 class=\"wp-block-heading\"><span id=\"4_Limitacoes\" class=\"ez-toc-section\"><\/span>4. Limitaciones<\/h2>\n<p>En ning\u00fan caso ENRICANDO o sus proveedores ser\u00e1n responsables de cualquier da\u00f1o (incluyendo, sin limitaci\u00f3n, da\u00f1os por p\u00e9rdida de datos o beneficios, o debido a la interrupci\u00f3n del negocio) que surjan del uso o la imposibilidad de usar los materiales en ENRICANDO.COM.BR, incluso si ENRICANDO.COM.BR o un representante autorizado de ENRICANDO ha sido notificado oralmente o por escrito de la posibilidad de tales da\u00f1os. Debido a que algunas jurisdicciones no permiten limitaciones en las garant\u00edas impl\u00edcitas, o limitaciones de responsabilidad por da\u00f1os consecuenciales o incidentales, estas limitaciones pueden no aplicarse en su caso.<\/p>\n<h2 class=\"wp-block-heading\"><span id=\"5_Precisao_dos_materiais\" class=\"ez-toc-section\"><\/span>5. Exactitud de los materiales<\/h2>\n<p>Los materiales que aparecen en el sitio web de ENRICANDO.COM.BR podr\u00edan incluir errores t\u00e9cnicos, tipogr\u00e1ficos o fotogr\u00e1ficos. ENRICANDO no garantiza que ninguno de los materiales de su sitio web sea preciso, completo o actual. ENRICANDO puede hacer cambios a los materiales contenidos en su sitio web en cualquier momento sin previo aviso. No obstante, ENRICANDO no se compromete a actualizar los materiales.<\/p>\n<h2 class=\"wp-block-heading\"><span id=\"6_Links\" class=\"ez-toc-section\"><\/span>6. Enlaces<\/h2>\n<p>OENRICANDO.COM.BR no ha analizado todos los sitios vinculados a su sitio web y no es responsable de los contenidos de dichos sitios vinculados. La inclusi\u00f3n de cualquier enlace no implica la aprobaci\u00f3n del sitio por parte de OENRICANDO.COM.BR. El uso de cualquier sitio vinculado es por cuenta y riesgo del usuario.<\/p>\n<h3 class=\"wp-block-heading\"><span id=\"Modificacoes\" class=\"ez-toc-section\"><\/span>Modificaciones<\/h3>\n<p>ENRICANDO.COM.BR puede revisar estos t\u00e9rminos de servicio en cualquier momento sin previo aviso. Al utilizar este sitio, usted acepta que quedar\u00e1 vinculado por la versi\u00f3n actual de estas condiciones de servicio.<\/p>\n<h3 class=\"wp-block-heading\"><span id=\"Lei_aplicavel\" class=\"ez-toc-section\"><\/span>Legislaci\u00f3n aplicable<\/h3>\n<p>Estos t\u00e9rminos y condiciones se rigen e interpretan de acuerdo con las leyes de ENRICANDO.COM.BR y usted se somete irrevocablemente a la jurisdicci\u00f3n exclusiva de los tribunales de ese estado o localidad.<\/p>\n<p>Para m\u00e1s informaci\u00f3n <a href=\"https:\/\/enricando.com.br\/es\/pongase-en-contacto-con\/\" target=\"_blank\" rel=\"noopener\">P\u00f3ngase en contacto con nosotros<\/a>:<\/p>\n<p>contato@enricando.com.br<\/p>\n<p>&nbsp;<\/p>","protected":false},"excerpt":{"rendered":"<p>1. Termos Ao acessar ao site ENRICANDO.COM.BR, concorda em cumprir estes termos de servi\u00e7o, todas as leis e regulamentos aplic\u00e1veis e concorda que \u00e9 respons\u00e1vel pelo cumprimento de todas as leis locais aplic\u00e1veis. Se voc\u00ea n\u00e3o concordar com algum desses termos, est\u00e1 proibido de usar ou acessar este site. Os materiais contidos neste site s\u00e3o [&hellip;]<\/p>\n","protected":false},"author":2,"featured_media":0,"parent":0,"menu_order":0,"comment_status":"closed","ping_status":"closed","template":"","meta":{"_breakdance_hide_in_design_set":false,"_breakdance_tags":"","footnotes":""},"class_list":["post-551","page","type-page","status-publish","hentry"],"meta_box":[],"_links":{"self":[{"href":"https:\/\/enricando.com.br\/es\/wp-json\/wp\/v2\/pages\/551","targetHints":{"allow":["GET"]}}],"collection":[{"href":"https:\/\/enricando.com.br\/es\/wp-json\/wp\/v2\/pages"}],"about":[{"href":"https:\/\/enricando.com.br\/es\/wp-json\/wp\/v2\/types\/page"}],"author":[{"embeddable":true,"href":"https:\/\/enricando.com.br\/es\/wp-json\/wp\/v2\/users\/2"}],"replies":[{"embeddable":true,"href":"https:\/\/enricando.com.br\/es\/wp-json\/wp\/v2\/comments?post=551"}],"version-history":[{"count":0,"href":"https:\/\/enricando.com.br\/es\/wp-json\/wp\/v2\/pages\/551\/revisions"}],"wp:attachment":[{"href":"https:\/\/enricando.com.br\/es\/wp-json\/wp\/v2\/media?parent=551"}],"curies":[{"name":"wp","href":"https:\/\/api.w.org\/{rel}","templated":true}]}}