{"id":896,"date":"2024-07-12T17:25:51","date_gmt":"2024-07-12T17:25:51","guid":{"rendered":"https:\/\/enricando.com.br\/?page_id=896"},"modified":"2024-10-09T17:11:43","modified_gmt":"2024-10-09T17:11:43","slug":"teste-perfil-empreendedor","status":"publish","type":"page","link":"https:\/\/enricando.com.br\/es\/test-de-perfil-empresarial-2\/","title":{"rendered":"La Prueba De Perfil De Emprendedor"},"content":{"rendered":"<section class=\"bde-section-896-100 bde-section\">\n              \n  \n  \n\t\n\n  <div class=\"section-background-overlay\"><\/div>\n\n\n<div class=\"section-container\"><div class=\"bde-grid-896-101 bde-grid\">\n  \n  \n\t\n\n\n\n<div class=\"bde-div-896-102 bde-div\">\n  \n  \n\t\n\n\n\n<h2 class=\"bde-dual-heading-896-103 bde-dual-heading\">\n\n\n            <span data-style=\"primary\" class=\"dual-heading--primary\">LA PRUEBA EN L\u00cdNEA <\/span>\n\n\n\n<\/h2><h2 class=\"bde-dual-heading-896-104 bde-dual-heading\">\n\n\n            <span data-style=\"secondary\" class=\"dual-heading--secondary\">El EMPRENDIMIENTO<\/span>\n\n\n\n<\/h2><div class=\"bde-rich-text-896-105 bde-rich-text breakdance-rich-text-styles\">\n<p>Descubre si tienes el Perfil Emprendedor. El Resultado de estar en el Momento y no es Necesario Poner el e-Mail!<\/p>\n<\/div><div class=\"bde-rich-text-896-106 bde-rich-text breakdance-rich-text-styles\">\n<p>Es Gratis y Siempre lo Ser\u00e1!<\/p>\n<\/div>\n<\/div>\n<\/div><\/div>\n<\/section><section class=\"bde-section-896-108 bde-section\">\n  \n  \n\t\n\n\n\n<div class=\"section-container\"><div class=\"bde-columns-896-109 bde-columns\"><div class=\"bde-column-896-110 bde-column\">\n  \n  \n\t\n\n\n\n<h2 class=\"bde-heading-896-111 bde-heading\">\nla prueba de la capacidad empresarial\n<\/h2><div class=\"bde-fancy-divider-896-112 bde-fancy-divider\">\n\n\n<div class=\"bde-fancy-divider__wrapper\">\n  <div class=\"bde-fancy-divider__separator\">\n  \t  <\/div>\n<\/div>\n\n<\/div>\n<\/div><\/div><div class=\"bde-shortcode-896-141 bde-shortcode\"><div class='code-block code-block-1' style='margin: 8px 0; clear: both;'>\n<div style=\"position: sticky; top: 15px;\">\n<script async src=\"https:\/\/pagead2.googlesyndication.com\/pagead\/js\/adsbygoogle.js?client=ca-pub-4408439451346430\"\n     crossorigin=\"anonymous\"><\/script>\n<!-- LP -->\n<ins class=\"adsbygoogle\"\n     style=\"display:block\"\n     data-ad-client=\"ca-pub-4408439451346430\"\n     data-ad-slot=\"4502420311\"\n     data-ad-format=\"auto\"\n     data-full-width-responsive=\"true\"><\/ins>\n<script>\n     (adsbygoogle = window.adsbygoogle || []).push({});\n<\/script><\/div>\n<div style=\" height: 250px;\"><\/div>\n<\/div>\n<\/div><div class=\"bde-rich-text-896-113 bde-rich-text breakdance-rich-text-styles\">\n<p style=\"text-align: left;\">Los empresarios que han tenido \u00e9xito, generalmente, son personas con un perfil emprendedor de alto nivel. Cuentan con una muy alta tasa de \u00e9xito en los negocios, y por lo general con \u00e9xito en el mediano, corto y largo plazo.<\/p><p style=\"text-align: left;\">Por lo tanto, <strong>para evaluar el perfil de emprendedor<\/strong> es de vital importancia, antes de comenzar un proyecto.<\/p><p style=\"text-align: left;\">Los estudios indican que alrededor de un <strong>El 10% y el 20% de la poblaci\u00f3n mundial<\/strong> usted est\u00e1 involucrado en alg\u00fan tipo de actividad emprendedora, que var\u00edan seg\u00fan la regi\u00f3n y el sector financiero.<\/p><p style=\"text-align: left;\">El emprendimiento no es s\u00f3lo la de abrir un nuevo negocio, el cual consiste en una visi\u00f3n de la innovaci\u00f3n, la disposici\u00f3n a asumir riesgos y tener la capacidad de identificar oportunidades donde otros s\u00f3lo ven problemas.<\/p><p style=\"text-align: left;\">Adem\u00e1s, los empresarios desempe\u00f1an un papel fundamental en el desarrollo econ\u00f3mico, generar empleos y fomentar la competencia, generando ingresos y la calidad de la venta, para s\u00ed mismo y para los dem\u00e1s.<\/p>\n<\/div><div class=\"bde-button-896-114 bde-button\">\n        \n    \n    \n    \n    \n            \n                    \n            \n            \n\n    \n    \n    \n    \n    \n    <a class=\"breakdance-link button-atom button-atom--custom bde-button__button\" href=\"https:\/\/enricando.com.br\/es\/quizzes\/test-de-perfil-empresarial\/\" target=\"_self\" data-type=\"url\"  >\n\n    \n        <span class=\"button-atom__text\">PARA HACER LA PRUEBA AHORA<\/span>\n\n        \n        \n                <\/a>\n\n    \n\n\n<\/div><\/div>\n<\/section><section class=\"bde-section-896-115 bde-section\">\n  \n  \n\t\n\n\n\n<div class=\"section-container\"><div class=\"bde-div-896-116 bde-div\">\n  \n  \n\t\n\n\n\n<h2 class=\"bde-heading-896-117 bde-heading\">\nel emprendimiento social en los ejemplos de las empresas\n<\/h2><div class=\"bde-text-896-118 bde-text\">\nEl emprendimiento social es un enfoque que busca resolver los problemas sociales y del medio ambiente a trav\u00e9s de pr\u00e1cticas de negocio innovadoras y sostenibles.<br>Ejemplos de TOMS Shoes, Warby Parker, el one &amp; only ocean club, Grameen Bank,...\n<\/div>\n<\/div><div class=\"bde-columns-896-119 bde-columns\"><div class=\"bde-column-896-120 bde-column\">\n  \n  \n\t\n\n\n\n<div class=\"bde-image-896-121 bde-image\">\n<figure class=\"breakdance-image breakdance-image--897\">\n\t<div class=\"breakdance-image-container\">\n\t\t<div class=\"breakdance-image-clip\"><img loading=\"lazy\" decoding=\"async\" class=\"breakdance-image-object\" src=\"https:\/\/enricando.com.br\/wp-content\/uploads\/2024\/07\/empreendedorismo-escolar.jpg\" width=\"1500\" height=\"1000\" srcset=\"https:\/\/enricando.com.br\/wp-content\/uploads\/2024\/07\/empreendedorismo-escolar.jpg 1500w, https:\/\/enricando.com.br\/wp-content\/uploads\/2024\/07\/empreendedorismo-escolar-300x200.jpg 300w, https:\/\/enricando.com.br\/wp-content\/uploads\/2024\/07\/empreendedorismo-escolar-1024x683.jpg 1024w, https:\/\/enricando.com.br\/wp-content\/uploads\/2024\/07\/empreendedorismo-escolar-768x512.jpg 768w\" sizes=\"auto, (max-width: 1500px) 100vw, 1500px\" alt=\"el emprendimiento escolar\"><\/div>\n\t<\/div><\/figure>\n\n<\/div><div class=\"bde-columns-896-122 bde-columns\"><div class=\"bde-column-896-123 bde-column\">\n  \n  \n\t\n\n\n\n<h3 class=\"bde-heading-896-124 bde-heading\">\nel emprendimiento escolar\n<\/h3><h5 class=\"bde-heading-896-125 bde-heading\">\n\n<\/h5><div class=\"bde-rich-text-896-126 bde-rich-text breakdance-rich-text-styles\">\n<p>El Diagn\u00f3stico precoz puede resultar en grandes negocios en el futuro.<\/p>\n<\/div>\n<\/div><\/div>\n<\/div><div class=\"bde-column-896-127 bde-column\">\n  \n  \n\t\n\n\n\n<div class=\"bde-image-896-128 bde-image\">\n<figure class=\"breakdance-image breakdance-image--898\">\n\t<div class=\"breakdance-image-container\">\n\t\t<div class=\"breakdance-image-clip\"><img loading=\"lazy\" decoding=\"async\" class=\"breakdance-image-object\" src=\"https:\/\/enricando.com.br\/wp-content\/uploads\/2024\/07\/empreendedorismo-comunitario.jpg\" width=\"1500\" height=\"1101\" srcset=\"https:\/\/enricando.com.br\/wp-content\/uploads\/2024\/07\/empreendedorismo-comunitario.jpg 1500w, https:\/\/enricando.com.br\/wp-content\/uploads\/2024\/07\/empreendedorismo-comunitario-300x220.jpg 300w, https:\/\/enricando.com.br\/wp-content\/uploads\/2024\/07\/empreendedorismo-comunitario-1024x752.jpg 1024w, https:\/\/enricando.com.br\/wp-content\/uploads\/2024\/07\/empreendedorismo-comunitario-768x564.jpg 768w\" sizes=\"auto, (max-width: 1500px) 100vw, 1500px\" alt=\"el emprendimiento comunitario\"><\/div>\n\t<\/div><\/figure>\n\n<\/div><div class=\"bde-columns-896-129 bde-columns\"><div class=\"bde-column-896-130 bde-column\">\n  \n  \n\t\n\n\n\n<h3 class=\"bde-heading-896-131 bde-heading\">\nel emprendimiento comunitario\n<\/h3><div class=\"bde-rich-text-896-132 bde-rich-text breakdance-rich-text-styles\">\n<p>Las Grandes empresas se est\u00e1n delante de ti.<\/p>\n<\/div>\n<\/div><\/div>\n<\/div><div class=\"bde-column-896-133 bde-column\">\n  \n  \n\t\n\n\n\n<div class=\"bde-image-896-134 bde-image\">\n<figure class=\"breakdance-image breakdance-image--899\">\n\t<div class=\"breakdance-image-container\">\n\t\t<div class=\"breakdance-image-clip\"><img loading=\"lazy\" decoding=\"async\" class=\"breakdance-image-object\" src=\"https:\/\/enricando.com.br\/wp-content\/uploads\/2024\/07\/afroempreendedorismo.jpg\" width=\"1500\" height=\"1000\" srcset=\"https:\/\/enricando.com.br\/wp-content\/uploads\/2024\/07\/afroempreendedorismo.jpg 1500w, https:\/\/enricando.com.br\/wp-content\/uploads\/2024\/07\/afroempreendedorismo-300x200.jpg 300w, https:\/\/enricando.com.br\/wp-content\/uploads\/2024\/07\/afroempreendedorismo-1024x683.jpg 1024w, https:\/\/enricando.com.br\/wp-content\/uploads\/2024\/07\/afroempreendedorismo-768x512.jpg 768w\" sizes=\"auto, (max-width: 1500px) 100vw, 1500px\" alt=\"afroempreendedorismo\"><\/div>\n\t<\/div><\/figure>\n\n<\/div><div class=\"bde-columns-896-135 bde-columns\"><div class=\"bde-column-896-136 bde-column\">\n  \n  \n\t\n\n\n\n<h3 class=\"bde-heading-896-137 bde-heading\">\nafroempreendedorismo\n<\/h3><div class=\"bde-rich-text-896-138 bde-rich-text breakdance-rich-text-styles\">\n<p>La mejor opci\u00f3n es la de realizar un diagn\u00f3stico precoz. Descargue la versi\u00f3n de prueba!<\/p>\n<\/div>\n<\/div><\/div>\n<\/div><\/div><div class=\"bde-button-896-139 bde-button\">\n        \n    \n    \n    \n    \n            \n                    \n            \n            \n\n    \n    \n    \n    \n    \n    <a class=\"breakdance-link button-atom button-atom--custom bde-button__button\" href=\"https:\/\/enricando.com.br\/es\/quizzes\/test-de-perfil-empresarial\/\" target=\"_self\" data-type=\"url\"  >\n\n    \n        <span class=\"button-atom__text\">PARA HACER LA PRUEBA AHORA<\/span>\n\n        \n        \n                <\/a>\n\n    \n\n\n<\/div><\/div>\n<\/section>","protected":false},"excerpt":{"rendered":"<p>TESTE ONLINE EMPREENDEDORISMO Descubra se tem Perfil Empreendedor. Resultado na Hora e n\u00e3o Precisa Colocar Email! \u00c8 Gratuito e Sempre Ser\u00e1! teste de eMPREENDEDORISMO Empres\u00e1rios bem sucedidos, normalmente s\u00e3o pessoas com um perfil empreendedor elevado. Possuem uma alta taxa de sucesso dos neg\u00f3cios e costumam ser bem sucedidos a m\u00e9dio, curto e longo prazo.Portanto, avaliar [&hellip;]<\/p>\n","protected":false},"author":2,"featured_media":862,"parent":0,"menu_order":0,"comment_status":"closed","ping_status":"closed","template":"","meta":{"_breakdance_hide_in_design_set":false,"_breakdance_tags":"","footnotes":""},"class_list":["post-896","page","type-page","status-publish","has-post-thumbnail","hentry"],"meta_box":[],"_links":{"self":[{"href":"https:\/\/enricando.com.br\/es\/wp-json\/wp\/v2\/pages\/896","targetHints":{"allow":["GET"]}}],"collection":[{"href":"https:\/\/enricando.com.br\/es\/wp-json\/wp\/v2\/pages"}],"about":[{"href":"https:\/\/enricando.com.br\/es\/wp-json\/wp\/v2\/types\/page"}],"author":[{"embeddable":true,"href":"https:\/\/enricando.com.br\/es\/wp-json\/wp\/v2\/users\/2"}],"replies":[{"embeddable":true,"href":"https:\/\/enricando.com.br\/es\/wp-json\/wp\/v2\/comments?post=896"}],"version-history":[{"count":7,"href":"https:\/\/enricando.com.br\/es\/wp-json\/wp\/v2\/pages\/896\/revisions"}],"predecessor-version":[{"id":1019,"href":"https:\/\/enricando.com.br\/es\/wp-json\/wp\/v2\/pages\/896\/revisions\/1019"}],"wp:featuredmedia":[{"embeddable":true,"href":"https:\/\/enricando.com.br\/es\/wp-json\/wp\/v2\/media\/862"}],"wp:attachment":[{"href":"https:\/\/enricando.com.br\/es\/wp-json\/wp\/v2\/media?parent=896"}],"curies":[{"name":"wp","href":"https:\/\/api.w.org\/{rel}","templated":true}]}}